{"id":19,"date":"2024-03-15T09:26:24","date_gmt":"2024-03-15T09:26:24","guid":{"rendered":"https:\/\/www.devrimciproletarya.net\/?page_id=19"},"modified":"2024-03-15T09:28:28","modified_gmt":"2024-03-15T09:28:28","slug":"ankarada-bogazici-direniyor-eylemine-polis-saldirdi","status":"publish","type":"page","link":"https:\/\/www.devrimciproletarya.net\/?page_id=19","title":{"rendered":"Ankara\u2019da Bo\u011fazi\u00e7i Direniyor Eylemine Polis Sald\u0131rd\u0131!"},"content":{"rendered":"\n<p>Bo\u011fazi\u00e7i \u00dcniversitesine kayyum atanmas\u0131n\u0131 protesto etmek i\u00e7in G\u00fcvenpark\u2019ta bas\u0131n a\u00e7\u0131klamas\u0131 yapmak isteyen \u00e7ok say\u0131da \u00f6\u011frenci g\u00f6zalt\u0131na al\u0131nd\u0131.<br>Ankara\u2019da \u201cBo\u011fazi\u00e7i Direniyor\u201d eylemine polis sald\u0131rd\u0131. \u00c7ok say\u0131da \u00f6\u011frenci \u015fiddet kullan\u0131larak ters kelep\u00e7e ile g\u00f6zalt\u0131na al\u0131nd\u0131. Polis \u00e7ekim yapan bas\u0131n emek\u00e7ilerini ve halktan insanlar\u0131 engelleyerek g\u00f6zalt\u0131na almakla tehdit etti.<\/p>\n\n\n\n<p>Devrimci Proletarya\/Ankara<\/p>\n\n\n\n<p>&nbsp;KARANF\u0130L SOKA\u011eI&nbsp;&nbsp;<a href=\"https:\/\/web.archive.org\/web\/20210116141059\/https:\/\/www.siir.gen.tr\/siir\/a\/ahmed_arif\/Ahmed%20Arif%20-%20Karanfil%20Sokagi.mp3\"><\/a><\/p>\n\n\n\n<p>&nbsp;&nbsp; Tekmil ufuklar k\u0131\u015flad\u0131<br>&nbsp;&nbsp; D\u00f6rt y\u00f6n,onalt\u0131 r\u00fczgar<br>&nbsp;&nbsp; Ve yedi iklim be\u015f k\u0131ta<br>&nbsp;&nbsp; Kar alt\u0131ndad\u0131r.<\/p>\n\n\n\n<p>&nbsp;&nbsp; Kavu\u015fmak ilmindeyiz b\u00fct\u00fcn fas\u0131llar<br>&nbsp;&nbsp; Ray, asfalt, \u015fose, makadam<br>&nbsp;&nbsp; Benim sarp yolum, patikam<br>&nbsp;&nbsp; Toros, Anti-toros ve asi F\u0131rat<br>&nbsp;&nbsp; T\u00fct\u00fcn, pamuk, bu\u011fday ovalar\u0131,\u00e7eltikler&nbsp;&nbsp;&nbsp;&nbsp;&nbsp;&nbsp;&nbsp;&nbsp;&nbsp;&nbsp;<br>&nbsp;&nbsp; Vatan\u0131m boylu boyunca<br>&nbsp;&nbsp; Kar alt\u0131ndad\u0131r.<\/p>\n\n\n\n<p>&nbsp;&nbsp; D\u00f6\u011f\u00fc\u015fenler de var bu havalarda<br>&nbsp;&nbsp; El, ayak buz kesmi\u015f, y\u00fcrek cehennem<br>&nbsp;&nbsp; \u00dcmit, \u00f6fkeli ve mahzun<br>&nbsp;&nbsp; \u00dcmit, sap\u0131na kadar namuslu<br>&nbsp;&nbsp; Da\u011flara \u00e7ekilmi\u015f<br>&nbsp;&nbsp; Kar alt\u0131ndad\u0131r.<\/p>\n\n\n\n<p>&nbsp;&nbsp; \u015eark\u0131lar bilirim \u00e7\u0131\u011f tutmu\u015f<br>&nbsp;&nbsp; Resimler, heykeller, destanlar<br>&nbsp;&nbsp; Usta ellerin yap\u0131s\u0131<br>&nbsp;&nbsp; Kolsuz,yar\u0131 \u00e7\u0131plak Ven\u00fcs<br>&nbsp;&nbsp; Trans-nonain soka\u011f\u0131<br>&nbsp;&nbsp; Garcia Lorca\u2019n\u0131n mezar\u0131,<br>&nbsp;&nbsp; Ve g\u00f6zbebekleri Pierre Curie\u2019nin<br>&nbsp;&nbsp; Kar alt\u0131ndad\u0131r.<\/p>\n\n\n\n<p>&nbsp;&nbsp; Duvarlar\u0131 kat\u0131 sab\u0131r ta\u015f\u0131ndan<br>&nbsp;&nbsp; Kar alt\u0131ndad\u0131r varo\u015flar,<br>&nbsp;&nbsp; Hasretim nazl\u0131d\u0131r Ankara.<br>&nbsp;&nbsp; Dumanl\u0131 havay\u0131 kurt sevsin<br>&nbsp;&nbsp; Asfalttan y\u00fcr\u00fcs\u00fcn Aral\u0131k,<br>&nbsp;&nbsp; Sevmem, netameli ayd\u0131r.<br>&nbsp;&nbsp; Bir ba\u015fka ama bilemem<br>&nbsp;&nbsp; Bir ka\u00e7\u0131nc\u0131 bahara kalm\u0131\u015ft\u0131r vuslat<br>&nbsp;&nbsp; Kalbim, bu zul\u00fcml\u00fc sevda,<br>&nbsp;&nbsp; Kar alt\u0131ndad\u0131r.<\/p>\n\n\n\n<p>&nbsp;&nbsp; Gecekondularda hava bulan\u0131k puslu<br>&nbsp;&nbsp; Alt\u0131nda\u011f g\u00f6kleri k\u00fcm\u00fcl\u00fcsl\u00fc<br>&nbsp;&nbsp; Ekme\u011fe, a\u015fka ve \u00f6mre<br>&nbsp;&nbsp; K\u00fcfeleriyle h\u00fckmeden<br>&nbsp;&nbsp; Ci\u011ferleri k\u00fc\u00e7\u00fck, elleri b\u00fcy\u00fck<br>&nbsp;&nbsp; Nefesleri yetmez avu\u00e7lar\u0131na<br>&nbsp;&nbsp; -\u0130lkokul \u00e7a\u011f\u0131nda hepsi-<br>&nbsp;&nbsp; Kenar \u00e7ocuklar\u0131<br>&nbsp;&nbsp; Kar alt\u0131ndad\u0131r.<\/p>\n\n\n\n<p>&nbsp;&nbsp; Hat\u0131p \u00c7ay\u2019\u0131n \u00f6te y\u00fcz\u00fc \u0131l\u0131man<br>&nbsp;&nbsp; Bulvarlar \u00e7ak\u0131rkeyf Yeni\u015fehir\u2019de<br>&nbsp;&nbsp; Karanfil Soka\u011f\u0131nda g\u00fcn a\u00e7m\u0131\u015f<br>&nbsp;&nbsp; Hikmetinden sual olunmaz de\u011fil<br>&nbsp;&nbsp; \u201cmucip sebebin\u201d bilirim<br>&nbsp;&nbsp; Ve \u201ckafi delil\u201d ortada\u2026<\/p>\n\n\n\n<p>\u00a0\u00a0 Karanfil soka\u011f\u0131nda bir caml\u0131 bah\u00e7e<br>\u00a0\u00a0 Caml\u0131 bah\u00e7e i\u00e7re bir \u00e7ini saks\u0131<br>\u00a0\u00a0 Bir dal s\u00fcz\u00fcl\u00fcr mavide<br>\u00a0\u00a0 Al \u2013 al bir yang\u0131n \u015fark\u0131s\u0131,<br>\u00a0\u00a0 Bakmay\u0131n saks\u0131da boy verdi\u011fine<br>\u00a0\u00a0 K\u00f6k\u00fc Alt\u0131nda\u011f\u2019da, \u0130ncesu\u2019dad\u0131r.<\/p>\n","protected":false},"excerpt":{"rendered":"<p>Bo\u011fazi\u00e7i \u00dcniversitesine kayyum atanmas\u0131n\u0131 protesto etmek i\u00e7in G\u00fcvenpark\u2019ta bas\u0131n a\u00e7\u0131klamas\u0131 yapmak isteyen \u00e7ok say\u0131da \u00f6\u011frenci g\u00f6zalt\u0131na al\u0131nd\u0131.Ankara\u2019da \u201cBo\u011fazi\u00e7i Direniyor\u201d eylemine polis sald\u0131rd\u0131. \u00c7ok say\u0131da \u00f6\u011frenci \u015fiddet kullan\u0131larak ters kelep\u00e7e ile g\u00f6zalt\u0131na al\u0131nd\u0131. Polis \u00e7ekim yapan bas\u0131n emek\u00e7ilerini ve halktan insanlar\u0131 engelleyerek g\u00f6zalt\u0131na almakla tehdit etti. Devrimci Proletarya\/Ankara &nbsp;KARANF\u0130L SOKA\u011eI&nbsp;&nbsp; &nbsp;&nbsp; Tekmil ufuklar k\u0131\u015flad\u0131&nbsp;&nbsp; D\u00f6rt y\u00f6n,onalt\u0131 [&hellip;]<\/p>\n","protected":false},"author":1,"featured_media":0,"parent":15,"menu_order":0,"comment_status":"closed","ping_status":"closed","template":"","meta":{"footnotes":""},"class_list":["post-19","page","type-page","status-publish","hentry"],"_links":{"self":[{"href":"https:\/\/www.devrimciproletarya.net\/index.php?rest_route=\/wp\/v2\/pages\/19","targetHints":{"allow":["GET"]}}],"collection":[{"href":"https:\/\/www.devrimciproletarya.net\/index.php?rest_route=\/wp\/v2\/pages"}],"about":[{"href":"https:\/\/www.devrimciproletarya.net\/index.php?rest_route=\/wp\/v2\/types\/page"}],"author":[{"embeddable":true,"href":"https:\/\/www.devrimciproletarya.net\/index.php?rest_route=\/wp\/v2\/users\/1"}],"replies":[{"embeddable":true,"href":"https:\/\/www.devrimciproletarya.net\/index.php?rest_route=%2Fwp%2Fv2%2Fcomments&post=19"}],"version-history":[{"count":1,"href":"https:\/\/www.devrimciproletarya.net\/index.php?rest_route=\/wp\/v2\/pages\/19\/revisions"}],"predecessor-version":[{"id":20,"href":"https:\/\/www.devrimciproletarya.net\/index.php?rest_route=\/wp\/v2\/pages\/19\/revisions\/20"}],"up":[{"embeddable":true,"href":"https:\/\/www.devrimciproletarya.net\/index.php?rest_route=\/wp\/v2\/pages\/15"}],"wp:attachment":[{"href":"https:\/\/www.devrimciproletarya.net\/index.php?rest_route=%2Fwp%2Fv2%2Fmedia&parent=19"}],"curies":[{"name":"wp","href":"https:\/\/api.w.org\/{rel}","templated":true}]}}