{"id":21,"date":"2024-03-15T09:28:12","date_gmt":"2024-03-15T09:28:12","guid":{"rendered":"https:\/\/www.devrimciproletarya.net\/?page_id=21"},"modified":"2024-03-15T09:28:38","modified_gmt":"2024-03-15T09:28:38","slug":"bogazicini-bimeks-iscileri-yonetsin","status":"publish","type":"page","link":"https:\/\/www.devrimciproletarya.net\/?page_id=21","title":{"rendered":"Bo\u011fazi\u00e7ini B\u0130MEKS i\u015f\u00e7ileri y\u00f6netsin!"},"content":{"rendered":"\n<p>Bo\u011fazi\u00e7i \u00dcniversitesi\u2019ne AKP\u2019li \u201cak\u0131nc\u0131\u201d bir sermaye gurusunun kayyum tarz\u0131 CEO olarak atanmas\u0131na kar\u015f\u0131 direni\u015f s\u00fcr\u00fcyor.<\/p>\n\n\n\n<p>Burjuva fa\u015fist devlet iktidar\u0131, Pazartesi g\u00fcnk\u00fc beklemedi\u011fi kitlesellik ve militanl\u0131ktaki direni\u015fle yedi\u011fi \u00e7izi\u011fe, beylik fa\u015fist refleksini vermekte gecikmedi.<\/p>\n\n\n\n<p>Pazartesi gecesi ve ertesi sabah, \u00e7ok say\u0131da \u00f6\u011frenci \u00f6zel harekat polisleri taraf\u0131ndan evleri bas\u0131larak, kap\u0131lar\u0131 k\u0131r\u0131larak, duvarlar\u0131 y\u0131k\u0131larak g\u00f6zalt\u0131na al\u0131nd\u0131. G\u00f6zalt\u0131na al\u0131nan \u00f6\u011frencilere \u00e7\u0131plak arama dayat\u0131ld\u0131.<\/p>\n\n\n\n<p>\u00d6\u011frencilerin Pazartesi g\u00fcn\u00fc Kuzey Kamp\u00fcs\u2019te yapt\u0131klar\u0131 500 ki\u015filik forumla ald\u0131klar\u0131 yeni eylem kararlar\u0131na kar\u015f\u0131, \u0130stanbul Valili\u011fi Bo\u011fazi\u00e7i \u00dcniversitesinin ba\u011fl\u0131 oldu\u011fu ve civar semt ve il\u00e7elerde eylemleri yasaklad\u0131.<\/p>\n\n\n\n<p>MHP \u015fefi Bah\u00e7eli, Bo\u011fazi\u00e7i direni\u015f\u00e7ilerini hedef g\u00f6steren beylik fa\u015fist \u00e7emkirme t\u00fck\u00fcr\u00fckl\u00fc salvolar\u0131ndan birini ortaya sallad\u0131:<\/p>\n\n\n\n<p>\u201cMenhus emeller\u2026 karanl\u0131k \u00e7evreler\u2026tahrik kampanyas\u0131\u2026\u00fclkemizin sinir u\u00e7lar\u0131n\u0131 tahri\u015f ve tahrip eden mihraklar\u2026toplumsal huzurumuzu bozanlar\u2026kirli senaryo\u2026 kaos failleri\u2026 karga\u015fa fig\u00fcranlar\u0131\u2026 nifak sahnesi\u2026milli ve manevi hassasiyetlere ters k\u00f6r ideolojiler\u2026 emperyalizmin kur\u015fun askerleri\u2026 ba\u015flar\u0131 ezilmelidir.\u201d<\/p>\n\n\n\n<p>Bo\u011fazi\u00e7i \u00dcniversitesi\u2019ne \u00e7\u0131kan t\u00fcm yollar Sar\u0131yer, Be\u015fikta\u015f, Levent\u2019ten ba\u015flayarak polis demir barierleri ile kapat\u0131ld\u0131. \u00dcniversitenin ana kamp\u00fcslerinin bulundu\u011fu Hisar\u00fcst\u00fc y\u00fczlerce polis ve barier taraf\u0131ndan ablukaya al\u0131nd\u0131. Okul i\u00e7ine \u00e7ok say\u0131da polis girdi. Okul i\u00e7indeki yurtlarda kalan ya da okulda dersi, i\u015fi olan \u00f6\u011frenci ve \u00f6\u011fretim \u00fcyelerine bile polis taraf\u0131ndan her ad\u0131mda say\u0131s\u0131z kez kimlik kontrol\u00fc, \u00e7anta aramas\u0131 uygulanmaya ba\u015fland\u0131.<\/p>\n\n\n\n<p>Bu abluka nedeniyle Bo\u011fazi\u00e7i Dayan\u0131\u015fmas\u0131 bug\u00fcnk\u00fc eylemi Kad\u0131k\u00f6y\u2019e ald\u0131. Ancak Bo\u011fazi\u00e7i\u2019nde eylem ve direni\u015f de ihmal edilmedi. G\u00fcney Kampuste bulunan az say\u0131da \u00f6\u011frenci g\u00fcn boyu kayyumu hicveden (Metallica dans\u0131 gibi) eylemler yapt\u0131. \u00d6\u011fle saatlerinde birka\u00e7 y\u00fcz \u00f6\u011frenci Rekt\u00f6rl\u00fck binas\u0131n\u0131n \u00f6n\u00fcnde toplan\u0131p Melih Bulu\u2019yu protesto etti. Ard\u0131ndan G\u00fcney Kampusun a\u015fa\u011f\u0131 kap\u0131s\u0131ndan (Arnavutk\u00f6y) topluca \u00e7\u0131k\u0131p sloganlarla Be\u015fikta\u015f\u2019a kadar y\u00fcr\u00fcy\u00fc\u015f yap\u0131p, oradan Kad\u0131k\u00f6y\u2019deki eylem alan\u0131na gitti.<\/p>\n\n\n\n<p>Kad\u0131k\u00f6y\u2019deki mitinge, Bo\u011fazi\u00e7i \u00f6\u011frencileri, \u00f6\u011fretim \u00fcyeleri, mezunlar\u0131n\u0131n yan\u0131s\u0131ra dayan\u0131\u015fma i\u00e7in gelenlerle, 5 bine yak\u0131n ki\u015fi kat\u0131ld\u0131. Polis sald\u0131r\u0131s\u0131, gaz, g\u00f6zalt\u0131 riskinin az olmad\u0131\u011f\u0131 bir eylem i\u00e7in fena say\u0131lmayacak bir rakam. Durmaks\u0131z\u0131n artan ve b\u00fcy\u00fcyen sald\u0131r\u0131lara kar\u015f\u0131 direni\u015fin, sokaklar\u0131n, alanlar\u0131n kitlelerin \u00f6nc\u00fc kesimlerinden ba\u015flayarak me\u015frulu\u011funun da artt\u0131\u011f\u0131n\u0131 ve yayg\u0131nla\u015fma e\u011filimini g\u00f6steriyor. Bunda ku\u015fkusuz Pazartesi g\u00fcnk\u00fc eylemlerin g\u00fc\u00e7 ve yank\u0131s\u0131n\u0131n yaratt\u0131\u011f\u0131 etki ve motivasyonun da \u00f6nemli pay\u0131 var.<\/p>\n\n\n\n<p>Kad\u0131k\u00f6y\u2019deki mitingte Bo\u011fazi\u00e7i dayan\u0131\u015fmas\u0131n\u0131n ortak a\u00e7\u0131klamas\u0131 bir Bo\u011fazi\u00e7i \u00f6\u011frencisi taraf\u0131ndan okundu:<\/p>\n\n\n\n<p>\u201cBug\u00fcn 6 Ocak \u00c7ar\u015famba. \u00c7evrimiz polislerle dolu ve g\u00f6zalt\u0131na al\u0131nan arkada\u015flar\u0131m\u0131z yan\u0131m\u0131zda de\u011fil. \u015eimdi yeniden, \u00fcniversitemize atanan kayyumu kabul etmedi\u011fimizi dillendirmek i\u00e7in \u00f6\u011frencilerden emek\u00e7ilere, mezunlardan akademisyenlere ve demokratik kitle \u00f6rg\u00fctlerine kadar hep beraber buraday\u0131z ve s\u00f6yleyeceklerimiz var!<\/p>\n\n\n\n<p>Kayyum rekt\u00f6r Melih Bulu\u2019nun canl\u0131 yay\u0131ndaki iddialar\u0131n\u0131n aksine, biz burada Bo\u011fazi\u00e7i \u00dcniversitesi\u2019nin az\u0131nl\u0131\u011f\u0131n\u0131 de\u011fil ta kendisini temsil ediyoruz! Biz Bo\u011fazi\u00e7i \u00dcniversitesi\u2019nin bile\u015fenleri olarak kayyum rekt\u00f6r atamas\u0131na kar\u015f\u0131y\u0131z. Kayyum politikalar\u0131n\u0131n bizi hep k\u00f6t\u00fcye g\u00f6t\u00fcrece\u011fini biliyoruz, al\u0131\u015fmayaca\u011f\u0131z, kabullenmeyece\u011fiz!<\/p>\n\n\n\n<p>Bilinsin ki; yaln\u0131zca Bo\u011fazi\u00e7i\u2019nden ibaret de\u011filiz, t\u00fcm \u00f6\u011frencilerin ve \u00fclkenin b\u00fct\u00fcn\u00fcn\u00fcn, yani \u0130stanbul S\u00f6zle\u015fmesi uygulans\u0131n diyen kad\u0131nlar\u0131n ve LGBT\u0130+\u2019lar\u0131n, Bo\u011fazi\u00e7i \u00dcniversitesi\u2019nin \u00f6n\u00fcnde direnen Bimeks i\u015f\u00e7ilerinin ve bilumum emek\u00e7i ve ezilenlerinin demokratik taleplerini dile getirmek i\u00e7in buraday\u0131z. Bo\u011fazi\u00e7i ger\u00e7ekli\u011finin \u00fclke ger\u00e7ekli\u011finden kopuk olmad\u0131\u011f\u0131n\u0131n bilincindeyiz. \u00c7\u00fcnk\u00fc biliyoruz ki yaln\u0131zca \u00fcniversiteler de\u011fil, hem STK\u2019lar hem belediyeler bu taleplerimizi dile getirdi\u011fimiz en temel alanlardan biri olan \u00fcniversitemizde ise kayyum atamalar\u0131 \u00fcniversitelerimizin \u00f6zerkli\u011fini yok etmekte dolay\u0131s\u0131yla \u00fclkemizin gelece\u011fini b\u00fcy\u00fck bir tehdit alt\u0131nda b\u0131rakmaktad\u0131r. Bug\u00fcn Devlet Bah\u00e7eli\u2019nin s\u00f6yledi\u011finin aksine bizim i\u00e7in konu kapanmam\u0131\u015ft\u0131r. Kayyumlara gidene kadar ve g\u00f6zalt\u0131ndaki arkada\u015flar\u0131m\u0131z b\u0131rak\u0131lana kadar da konu kapanmayacakt\u0131r.<\/p>\n\n\n\n<p>Bu noktada, demokratik alanlar\u0131 geni\u015fletmek i\u00e7in, birli\u011fimizin ve direni\u015fimizin verdi\u011fi g\u00fcvenle sesleniyoruz:<\/p>\n\n\n\n<p>1- G\u00f6zalt\u0131na al\u0131nan arkada\u015flar\u0131m\u0131z derhal serbest b\u0131rak\u0131ls\u0131n.<\/p>\n\n\n\n<p>2- Kayyum olarak atanan Melih Bulu ve t\u00fcm rekt\u00f6rler acilen istifa etsin.<\/p>\n\n\n\n<p>3- T\u00fcm \u00fcniversitelerdeki rekt\u00f6rl\u00fck i\u00e7in \u00fcniversite bile\u015fenlerinin r\u0131zas\u0131 g\u00f6zetilerek demokratik se\u00e7imler d\u00fczenlensin.<\/p>\n\n\n\n<p>Kayyumlar\u0131 kabul etmiyoruz, vazge\u00e7miyoruz.<\/p>\n\n\n\n<p>Biliyoruz ki; kurtulu\u015f yok tek ba\u015f\u0131na, ya hep beraber ya hi\u00e7birimiz.\u201d<\/p>\n\n\n\n<p>A\u00e7\u0131klamada Bo\u011fazi\u00e7i \u00dcniversitesi \u00f6n\u00fcnde Bo\u011fazi\u00e7i \u00dcniversitesi y\u00f6netiminde bulunan Bimeks patronuna kar\u015f\u0131 direni\u015f yapan B\u0130MEKS i\u015f\u00e7ilerinin, kad\u0131n ve lgbti hareketlerinin, t\u00fcm i\u015f\u00e7i, emek\u00e7i ve ezilenlerin demokratik taleplerine vurgu yap\u0131lmas\u0131 \u00f6nemlidir. (B\u0130MEKS i\u015f\u00e7ilerine de s\u00f6z verilmi\u015f olsayd\u0131 daha da anlaml\u0131 olurdu. Bu arada, Kad\u0131k\u00f6y \u0130skele Meydan\u0131ndaki Bo\u011fazi\u00e7i eylemiyle ayn\u0131 saatlerde, Kad\u0131k\u00f6y Belediyesi \u00f6n\u00fcnde de T\u0130S t\u0131kanmas\u0131 nedeniyle 500 belediye i\u015f\u00e7isi eylem yapt\u0131. Baz\u0131 i\u015f\u00e7ilerin Bo\u011fazi\u00e7i eylemine kat\u0131lmak istemi, Genel-\u0130\u015f a\u011falar\u0131 taraf\u0131ndan engellendi. Belediye i\u015f\u00e7ilerinden bir grup bile sendika \u00f6nl\u00fckleriyle \u0130skele eylemine kat\u0131labilseydi, i\u015f\u00e7i-\u00f6\u011frenci eylemlerinin birle\u015fmesi, \u00e7ok daha g\u00fc\u00e7lendirici olabilirdi. Buna kar\u015f\u0131n, Bo\u011fazi\u00e7i eyleminde, bir grup \u00f6\u011frencinin a\u00e7t\u0131\u011f\u0131 \u201cBo\u011fazi\u00e7i\u2019ni B\u0130MEKS i\u015f\u00e7ileri y\u00f6netsin\u201d pankart\u0131, son d\u00f6nemlerin en anlaml\u0131 g\u00f6stergelerinden biriydi.)<\/p>\n\n\n\n<p>Di\u011fer taraftan, i\u015f\u00e7ilerin, emek\u00e7ilerin, ezilenlerin demokratik taleplerine ve bu do\u011frultuda birle\u015fik m\u00fccadelelerine vurgu \u00f6nemlidir ama, bunun ne t\u00fcr bir demokrasi, hangi s\u0131n\u0131f\u0131n demokrasisi olaca\u011f\u0131 daha \u00f6nemlidir. \u00c7\u00fcnk\u00fc burjuva demokrasisinden, b\u0131rakal\u0131m fa\u015fist rejimleri, en demokratik g\u00f6r\u00fcnen kapitalist \u00fclkelerde bile geriye pek bir \u015fey kalmad\u0131. Bu yaln\u0131zca \u00e7\u00fcr\u00fcyen kapitalizmin kriz ko\u015fullar\u0131ndan, kitlelerin talep, isyan ve direni\u015flerini ba\u015fka t\u00fcrl\u00fc kontrol edemez hale gelmesinden de\u011fil: Ayn\u0131 zamanda, e\u011fitim, sa\u011fl\u0131k, sosyal g\u00fcvenlik, belediye, \u00fcniversite, devlet\u2026 her \u015feyin sermayele\u015ftirilmesinden, \u015firketle\u015ftirilmesinden kaynaklan\u0131yor.<\/p>\n\n\n\n<p>Nitekim kayyum rekt\u00f6r (CEO) Melih Bulu, TV\u2019de \u00e7\u0131kt\u0131\u011f\u0131 programda, a\u00e7\u0131k\u00e7a s\u00f6yl\u00fcyor: \u201cHi\u00e7 bir \u015firkette genel m\u00fcd\u00fcrler (\u00e7al\u0131\u015fanlar\u0131n-bn) se\u00e7imle gelmez.\u201d<\/p>\n\n\n\n<p>Bu basit bir dil s\u00fcr\u00e7mesi de\u011fil. Zaten bir sermaye gurusu olan, ve AKP kadar T\u00fcrkiye\u2019nin en b\u00fcy\u00fck sermaye kesimlerine ve uluslar aras\u0131 sermayeye yak\u0131nl\u0131\u011f\u0131yla bilinen bu adam, \u00fcniversiteyi de bir \u015firket olarak g\u00f6r\u00fcyor ve daha derinlemesine bir \u015firket olarak i\u015fletmeyi hedefliyor. (Bulu, zaten atan\u0131r atanmaz yapt\u0131\u011f\u0131 twiter a\u00e7\u0131klamas\u0131nda, \u00fcniversiteyi \u201cgiri\u015fimcilik, verimlilik, performans, inovasyon, bilginin ticarile\u015ftirilmesi\u201d \u00e7er\u00e7evesinde derinlemesine \u015firketle\u015ftirmeyi hedefledi\u011fini a\u00e7\u0131k\u00e7a ilan etmi\u015fti.)<\/p>\n\n\n\n<p>Devletlerin de \u015firketle\u015fti\u011fi, \u015firket gibi i\u015fletildi\u011fi neoliberal kapitalizmde, eski tarz burjuva liberal demokrasi de, rejimin fa\u015fist veya neoliberal demokrasi tipi olmas\u0131ndan ba\u011f\u0131ms\u0131z bi\u00e7imde, buharla\u015f\u0131r. Eski bi\u00e7imsel \u201cvatanda\u015fl\u0131k haklar\u0131\u201d da bardak olur, geriye yaln\u0131zca durmaks\u0131z\u0131n daha derin s\u00f6m\u00fcr\u00fclecek ve ya\u011fmalanacak i\u015fg\u00fcc\u00fc, ve en fazla m\u00fc\u015fteri olarak tan\u0131mlananlar kal\u0131r. \u201cGiri\u015fimci \u00fcniversite\u201d modelinde, yani \u00fcniversitenin \u015firketle\u015ftirilmesi durumunda da ayn\u0131s\u0131 ge\u00e7erlidir: \u00dcniversite \u015firket, \u00f6\u011fretim \u00fcyeleri ve \u00f6\u011frenciler, i\u015fg\u00fcc\u00fc ve m\u00fc\u015fteri olarak tan\u0131mlan\u0131r, i\u015flevleri sermaye karl\u0131l\u0131\u011f\u0131n\u0131 art\u0131rmak, maliyetleri minimize etmek olarak tan\u0131mlan\u0131r. Bu durumda, kapitalist bak\u0131\u015f a\u00e7\u0131s\u0131ndan, kapitalist \u015firketlerde \u00e7al\u0131\u015fanlar\u0131n y\u00f6netim \u00fczerinde, \u015firketin neyi ,ne kadar, nas\u0131l, kimler i\u00e7in \u00fcretti\u011finde hi\u00e7 bir s\u00f6z hakk\u0131 olmamas\u0131 gibi, \u00fcniversite \u00f6\u011fretim \u00fcyelerinin, \u00f6\u011frencilerinin, i\u015f\u00e7ilerinin de bu \u00fcniversite de ne t\u00fcr bilginin, \u00f6\u011fretimin, ara\u015ft\u0131rma-geli\u015ftirme vbnin nas\u0131l ve kimler i\u00e7in \u00fcretildi\u011fine (sermaye karl\u0131l\u0131\u011f\u0131n\u0131 art\u0131rma d\u0131\u015f\u0131nda) dair geriye kalm\u0131\u015f son bi\u00e7imsel \u00f6zerklik kal\u0131nt\u0131lar\u0131n\u0131n da kaz\u0131nmas\u0131 hedefleniyor.<\/p>\n\n\n\n<p>Bu ayn\u0131 zamanda, \u00fcniversitenin t\u00fcm bile\u015fenleri, olanaklar\u0131, ara\u00e7-gereci, mekan\u0131 ve zaman\u0131yla birlikte \u00f6zel m\u00fclkiyet ve sermaye ilan edilmesidir. \u00d6yle ki, yar\u0131n Bo\u011fazi\u00e7i\u2019nin o m\u00fcthi\u015f tarihi binalar\u0131, Bo\u011faz manzaras\u0131, a\u011fa\u00e7lar\u0131, ormanlar\u0131 (daha \u00f6nce ODT\u00dc koruluklar\u0131na yap\u0131ld\u0131\u011f\u0131 gibi) betonla\u015ft\u0131r\u0131ld\u0131\u011f\u0131nda, teknopark, turistik tesis filan yap\u0131ld\u0131\u011f\u0131nda, \u00f6\u011frenci ve \u00f6\u011fretim \u00fcyelerinin buna kar\u015f\u0131 s\u00f6z hakk\u0131 olmad\u0131\u011f\u0131, ayn\u0131 gerek\u00e7eyle ilan edilecektir.<\/p>\n\n\n\n<p>Sermayenin demokrasisi, bilimi, sanat\u0131, do\u011fay\u0131 (ya da onlardan geriye kalan son k\u0131r\u0131nt\u0131lar\u0131) katletme, i\u015f\u00e7ileri \u00f6ld\u00fcrme, eme\u011fi -kafa eme\u011fi dahil- son s\u0131n\u0131r\u0131na kadar ya\u011fmalama \u00f6zg\u00fcrl\u00fc\u011f\u00fcd\u00fcr. Bizim, i\u015f\u00e7ilerin, emek\u00e7ilerin, ezilenlerin demokrasisi bu nedenle sermayenin demokrasisiyle, \u00e7\u00fcnk\u00fc sermaye ve kar mant\u0131\u011f\u0131yla ba\u011fda\u015fmaz. Bu y\u00fczden, fa\u015fist kayyum mant\u0131\u011f\u0131na kar\u015f\u0131 burjuva bi\u00e7imsel se\u00e7im demokrasisini savunmakla s\u0131n\u0131rlanamay\u0131z. Sermayeye ve sermayele\u015ftirilmeye kar\u015f\u0131 m\u00fccadele etmeden, i\u015f\u00e7iler, i\u015f\u00e7ile\u015fen \u00f6\u011frenciler ve \u00f6\u011fretim \u00fcyeleri, ezilenler i\u00e7in ger\u00e7ek demokrasi m\u00fccadelesi veremeyiz.<\/p>\n\n\n\n<p>Ve bu y\u00fczden, \u201cBo\u011fazi\u00e7i\u2019ni B\u0130MEKS i\u015f\u00e7ileri y\u00f6netsin\u201d bir espri de\u011fidir. \u00dcretim, emek, bilginin b\u00f6ylesine toplumsalla\u015ft\u0131\u011f\u0131 ve art\u0131k \u00e7\u00fcr\u00fcyen fa\u015fistle\u015fen sermaye kabu\u011funa s\u0131\u011fmad\u0131\u011f\u0131 bir d\u00fczlemde, m\u00fccadele perspektifimiz bu olmal\u0131: Yaln\u0131z kayyum rekt\u00f6r-CEO\u2019lara de\u011fil, sermayeye ihtiyac\u0131m\u0131z yok! T\u00fcm \u00fcretim ara\u00e7lar\u0131 (bilgi \u00fcretim ara\u00e7lar\u0131 dahil) i\u015f\u00e7ilerin kolektif m\u00fclkiyeti olmal\u0131 ve sosyalist i\u015f\u00e7i konseyleri taraf\u0131ndan y\u00f6netilmeli. \u00dcniversiteler, sermaye profes\u00f6rleri taraf\u0131ndan de\u011fil, i\u015f\u00e7i, i\u015f\u00e7ile\u015fen \u00f6\u011frenci ve \u00f6\u011fretim i\u015f\u00e7ileri konseyleri taraf\u0131ndan y\u00f6netilmeli.<\/p>\n","protected":false},"excerpt":{"rendered":"<p>Bo\u011fazi\u00e7i \u00dcniversitesi\u2019ne AKP\u2019li \u201cak\u0131nc\u0131\u201d bir sermaye gurusunun kayyum tarz\u0131 CEO olarak atanmas\u0131na kar\u015f\u0131 direni\u015f s\u00fcr\u00fcyor. Burjuva fa\u015fist devlet iktidar\u0131, Pazartesi g\u00fcnk\u00fc beklemedi\u011fi kitlesellik ve militanl\u0131ktaki direni\u015fle yedi\u011fi \u00e7izi\u011fe, beylik fa\u015fist refleksini vermekte gecikmedi. Pazartesi gecesi ve ertesi sabah, \u00e7ok say\u0131da \u00f6\u011frenci \u00f6zel harekat polisleri taraf\u0131ndan evleri bas\u0131larak, kap\u0131lar\u0131 k\u0131r\u0131larak, duvarlar\u0131 y\u0131k\u0131larak g\u00f6zalt\u0131na al\u0131nd\u0131. G\u00f6zalt\u0131na al\u0131nan [&hellip;]<\/p>\n","protected":false},"author":1,"featured_media":0,"parent":15,"menu_order":1,"comment_status":"closed","ping_status":"closed","template":"","meta":{"footnotes":""},"class_list":["post-21","page","type-page","status-publish","hentry"],"_links":{"self":[{"href":"https:\/\/www.devrimciproletarya.net\/index.php?rest_route=\/wp\/v2\/pages\/21","targetHints":{"allow":["GET"]}}],"collection":[{"href":"https:\/\/www.devrimciproletarya.net\/index.php?rest_route=\/wp\/v2\/pages"}],"about":[{"href":"https:\/\/www.devrimciproletarya.net\/index.php?rest_route=\/wp\/v2\/types\/page"}],"author":[{"embeddable":true,"href":"https:\/\/www.devrimciproletarya.net\/index.php?rest_route=\/wp\/v2\/users\/1"}],"replies":[{"embeddable":true,"href":"https:\/\/www.devrimciproletarya.net\/index.php?rest_route=%2Fwp%2Fv2%2Fcomments&post=21"}],"version-history":[{"count":1,"href":"https:\/\/www.devrimciproletarya.net\/index.php?rest_route=\/wp\/v2\/pages\/21\/revisions"}],"predecessor-version":[{"id":22,"href":"https:\/\/www.devrimciproletarya.net\/index.php?rest_route=\/wp\/v2\/pages\/21\/revisions\/22"}],"up":[{"embeddable":true,"href":"https:\/\/www.devrimciproletarya.net\/index.php?rest_route=\/wp\/v2\/pages\/15"}],"wp:attachment":[{"href":"https:\/\/www.devrimciproletarya.net\/index.php?rest_route=%2Fwp%2Fv2%2Fmedia&parent=21"}],"curies":[{"name":"wp","href":"https:\/\/api.w.org\/{rel}","templated":true}]}}