{"id":35,"date":"2024-03-15T09:38:33","date_gmt":"2024-03-15T09:38:33","guid":{"rendered":"https:\/\/www.devrimciproletarya.net\/?page_id=35"},"modified":"2024-03-15T09:41:59","modified_gmt":"2024-03-15T09:41:59","slug":"belcikada-isyan","status":"publish","type":"page","link":"https:\/\/www.devrimciproletarya.net\/?page_id=35","title":{"rendered":"Bel\u00e7ika\u2019da isyan"},"content":{"rendered":"\n<p>Bel\u00e7ika\u2019n\u0131n ba\u015fkenti Br\u00fcksel\u2019de, Afrikal\u0131 siyah bir m\u00fcltecinin polis taraf\u0131ndan g\u00f6zalt\u0131nda \u00f6ld\u00fcr\u00fclmesine kar\u015f\u0131 isyan \u00e7\u0131kt\u0131. 23 ya\u015f\u0131ndaki \u0130brahima Barrie, Pandemi nedeniyle uygulanan gece soka\u011fa \u00e7\u0131kma yasa\u011f\u0131na uymad\u0131\u011f\u0131 gerek\u00e7esiyle g\u00f6zalt\u0131na al\u0131n\u0131rken, polisin k\u00f6t\u00fc muamelesini cep telefonuyla \u00e7ekmeye \u00e7al\u0131\u015fm\u0131\u015f, daha sonra g\u00f6t\u00fcr\u00fcld\u00fc\u011f\u00fc polis merkezinden cesedi \u00e7\u0131km\u0131\u015ft\u0131.<\/p>\n\n\n\n<p>\u0130brahima\u2019n\u0131n polis taraf\u0131ndan dayak ve i\u015fkenceyle katledilmesine kar\u015f\u0131, Bruksel\u2019de binlerce ki\u015fi soka\u011fa d\u00f6k\u00fcld\u00fc. Polisle sert \u00e7at\u0131\u015fmalar ya\u015fand\u0131, bir polis karakolu ve baz\u0131 polis ara\u00e7lar\u0131 ate\u015fe verildi, \u00e7ok say\u0131da ma\u011fazan\u0131n cam \u00e7er\u00e7evesi indirildi, baz\u0131lar\u0131 ya\u011fmaland\u0131. Siyahlar\u0131n ve g\u00f6\u00e7menlerin polise kar\u015f\u0131 ve anti-\u0131rk\u00e7\u0131 g\u00f6sterilerinde, antifa\u015fist beyaz gen\u00e7lerin, i\u015f\u00e7ilerin ve \u00f6\u011frencilerin de yo\u011fun olarak yer ald\u0131\u011f\u0131 belirtiliyor.<\/p>\n\n\n\n<p>Avrupa Birli\u011fi\u2019nin merkezinin de bulundu\u011fu Bel\u00e7ika, Avrupa kazan\u0131n\u0131n kaynayan \u00fclkelerinden biri. Bel\u00e7ika\u2019daki i\u015f\u00e7i s\u0131n\u0131f\u0131 ve kitle g\u00f6sterisi dalgalar\u0131 T\u00fcrkiye\u2019de bir Fransa\u2019dakiler kadar g\u00fcndemle\u015fmese de, k\u0131sa bir ka\u00e7 hat\u0131rlatma yeterli olacakt\u0131r:<\/p>\n\n\n\n<p>2014 y\u0131l\u0131nda kemer s\u0131kma paketine (emeklilik ya\u015f\u0131n\u0131n art\u0131r\u0131lmas\u0131, \u00fccretlerin dondudurulmas\u0131, sosyal haklar\u0131n budanmas\u0131) kar\u015f\u0131 100 bin i\u015f\u00e7inin g\u00f6sterisinde polisle \u00e7at\u0131\u015fmalar ya\u015fand\u0131, polis ara\u00e7lar\u0131 tahrip edildi. G\u00f6steri, \u00e7at\u0131\u015fma ve barikatlar Br\u00fcksel cadde ve sokaklar\u0131nda saatlerce s\u00fcrd\u00fc. Bu, Avrupa\u2019da 2010-15 d\u00f6neminde, kemer s\u0131kma paketlerine kar\u015f\u0131 ya\u015fanan say\u0131s\u0131z genel grev ve g\u00f6sterinin en g\u00fc\u00e7l\u00fc ve militan olanlar\u0131ndan biriydi.<\/p>\n\n\n\n<p>2016\u2019da bu kez \u00e7al\u0131\u015fma g\u00fcn\u00fcn\u00fcn uzat\u0131lmas\u0131na kar\u015f\u0131 60 bin i\u015f\u00e7inin g\u00f6sterisinde polisle sert \u00e7at\u0131\u015fmalar ya\u015fand\u0131.<\/p>\n\n\n\n<p>2018 y\u0131l\u0131nda, Fransa\u2019da ba\u015flayan Sar\u0131 Yelekliler hareketi h\u0131zla Bel\u00e7ika\u2019ya yay\u0131ld\u0131 ve Bel\u00e7ikal\u0131 g\u00fcvencesiz i\u015f\u00e7i, \u00f6\u011frenci ve emekli a\u011f\u0131rl\u0131kl\u0131 Sar\u0131 Yelekli hareketi ile Bel\u00e7ika polisi aras\u0131nda \u00e7ok say\u0131da \u00e7at\u0131\u015fma ya\u015fand\u0131. Bel\u00e7ikal\u0131 Sar\u0131 Yelekliler bir eylemde ba\u015fbakan\u0131n istifas\u0131 istemiyle h\u00fck\u00fcmet binas\u0131na y\u00fcr\u00fcy\u00fcp i\u015fgal etme giri\u015fiminde bulundu. \u00c7at\u0131\u015fmalarda \u00e7ok say\u0131da eylemci ve polis yaraland\u0131.<\/p>\n\n\n\n<p>2020\u2019nin Nisan ay\u0131nda, Br\u00fcksel\u2019de scooterl\u0131 19 ya\u015f\u0131nda bir gencin polis arabas\u0131yla kas\u0131tl\u0131 olarak ezilerek \u00f6ld\u00fcr\u00fclmesine kar\u015f\u0131, sosyal medyadan yap\u0131lan \u00e7a\u011fr\u0131yla k\u00fc\u00e7\u00fck \u00e7apl\u0131 bir gen\u00e7lik (g\u00fcvencesiz gen\u00e7 i\u015f\u00e7i, i\u015fsiz ve \u00f6\u011frenciler) isyan\u0131 daha ya\u015fand\u0131. Polis ara\u00e7lar\u0131 tahrip edildi, cam \u00e7er\u00e7eveler indi, yaralanma ve g\u00f6zalt\u0131lar oldu.<\/p>\n\n\n\n<p>ABD\u2019deki George Floyd isyan\u0131 ve direni\u015fine, en g\u00fc\u00e7l\u00fc reflekslerden birini veren yine Bel\u00e7ika\u2019dayd\u0131. Br\u00fcksel\u2019de siyahlar\u0131n ve g\u00f6\u00e7menlerin, beyaz antifa\u015fistlerin de destek verdi\u011fi Temmuz 2020\u2019deki 10 bin ki\u015filik eylemi, Avrupa\u2019daki siyah eylemlerinin en militan ve \u00e7at\u0131\u015fmal\u0131 olanlar\u0131ndan biriydi. Siyah ve g\u00f6\u00e7men eylemlerinde de \u00e7at\u0131\u015fmalar ya\u015fand\u0131.<\/p>\n\n\n\n<p>Bel\u00e7ika asl\u0131nda yaln\u0131zca Fransa ve k\u00fclt\u00fcr\u00fcne en yak\u0131n \u00fclke olmas\u0131yla de\u011fil, K\u0131ta Avrupas\u0131\u2019nda kapitalist b\u00fcy\u00fck modern sanayinin ilk ve en h\u0131zl\u0131 geli\u015fti\u011fi ve yo\u011funla\u015ft\u0131\u011f\u0131 \u00fclke olarak, tarihsel olarak g\u00fc\u00e7l\u00fc ve sert s\u0131n\u0131f sava\u015f\u0131mlar\u0131 gelene\u011fine sahip bir \u00fclke. Sanayi proletaryas\u0131n\u0131n g\u00fcc\u00fcn\u00fc g\u00f6rece korumas\u0131, g\u00f6\u00e7men ak\u0131mlar\u0131, Valonlar ile Flamanlar aras\u0131ndaki gerilim, AB\u2019nin ve NATO\u2019nun y\u00f6netim merkezi olmas\u0131, co\u011frafi konumunun (Almanya ve Fransa ile s\u0131n\u0131rda\u015f, Britanya ile ge\u00e7i\u015f kap\u0131s\u0131) ekonomi, ticaret ve siyasetini do\u011frudan etkilemesi, 2020\u2019de y\u00fczde 10 ile en sert ekonomik daralmalardan birini ya\u015fam\u0131\u015f olmas\u0131, Pandemiden k\u00fc\u00e7\u00fck n\u00fcfusuna oranla en sert etkilenen \u00fclkelerden biri olmas\u0131 (11 milyon n\u00fcfusta 800 bin vaka, 25 bin \u00f6l\u00fcm), bir yandan Avrupa\u2019n\u0131n en b\u00fcy\u00fck cirolu kapitalist tekellerine sahip olup di\u011fer yandan i\u015f\u00e7ilerin ya\u015fad\u0131\u011f\u0131 b\u00fcy\u00fck yoksulla\u015fma\u2026 Bel\u00e7ika\u2019daki kriz, \u00e7eli\u015fki ve \u00e7at\u0131\u015fmalar\u0131 derinle\u015ftiriyor.<\/p>\n\n\n\n<p>Bu arada, ezilen \u0131rka, g\u00f6\u00e7menlere, kad\u0131nlara, i\u015f\u00e7ilere d\u00f6n\u00fck kapitalist polis-devlet ter\u00f6r\u00fcne ve cinayetlerine kar\u015f\u0131, polis merkezlerinin yak\u0131lmas\u0131, katil polis ayg\u0131tlar\u0131n\u0131n kald\u0131r\u0131lmas\u0131 ve da\u011f\u0131t\u0131lmas\u0131 isteminin isyanlarla y\u00fckseltilmesi, d\u00fcnya \u00e7ap\u0131nda yayg\u0131nla\u015fan bir m\u00fccadele gelene\u011fi haline geliyor.<\/p>\n","protected":false},"excerpt":{"rendered":"<p>Bel\u00e7ika\u2019n\u0131n ba\u015fkenti Br\u00fcksel\u2019de, Afrikal\u0131 siyah bir m\u00fcltecinin polis taraf\u0131ndan g\u00f6zalt\u0131nda \u00f6ld\u00fcr\u00fclmesine kar\u015f\u0131 isyan \u00e7\u0131kt\u0131. 23 ya\u015f\u0131ndaki \u0130brahima Barrie, Pandemi nedeniyle uygulanan gece soka\u011fa \u00e7\u0131kma yasa\u011f\u0131na uymad\u0131\u011f\u0131 gerek\u00e7esiyle g\u00f6zalt\u0131na al\u0131n\u0131rken, polisin k\u00f6t\u00fc muamelesini cep telefonuyla \u00e7ekmeye \u00e7al\u0131\u015fm\u0131\u015f, daha sonra g\u00f6t\u00fcr\u00fcld\u00fc\u011f\u00fc polis merkezinden cesedi \u00e7\u0131km\u0131\u015ft\u0131. \u0130brahima\u2019n\u0131n polis taraf\u0131ndan dayak ve i\u015fkenceyle katledilmesine kar\u015f\u0131, Bruksel\u2019de binlerce ki\u015fi soka\u011fa [&hellip;]<\/p>\n","protected":false},"author":1,"featured_media":0,"parent":33,"menu_order":0,"comment_status":"closed","ping_status":"closed","template":"","meta":{"footnotes":""},"class_list":["post-35","page","type-page","status-publish","hentry"],"_links":{"self":[{"href":"https:\/\/www.devrimciproletarya.net\/index.php?rest_route=\/wp\/v2\/pages\/35","targetHints":{"allow":["GET"]}}],"collection":[{"href":"https:\/\/www.devrimciproletarya.net\/index.php?rest_route=\/wp\/v2\/pages"}],"about":[{"href":"https:\/\/www.devrimciproletarya.net\/index.php?rest_route=\/wp\/v2\/types\/page"}],"author":[{"embeddable":true,"href":"https:\/\/www.devrimciproletarya.net\/index.php?rest_route=\/wp\/v2\/users\/1"}],"replies":[{"embeddable":true,"href":"https:\/\/www.devrimciproletarya.net\/index.php?rest_route=%2Fwp%2Fv2%2Fcomments&post=35"}],"version-history":[{"count":1,"href":"https:\/\/www.devrimciproletarya.net\/index.php?rest_route=\/wp\/v2\/pages\/35\/revisions"}],"predecessor-version":[{"id":36,"href":"https:\/\/www.devrimciproletarya.net\/index.php?rest_route=\/wp\/v2\/pages\/35\/revisions\/36"}],"up":[{"embeddable":true,"href":"https:\/\/www.devrimciproletarya.net\/index.php?rest_route=\/wp\/v2\/pages\/33"}],"wp:attachment":[{"href":"https:\/\/www.devrimciproletarya.net\/index.php?rest_route=%2Fwp%2Fv2%2Fmedia&parent=35"}],"curies":[{"name":"wp","href":"https:\/\/api.w.org\/{rel}","templated":true}]}}