{"id":41,"date":"2024-03-15T09:46:51","date_gmt":"2024-03-15T09:46:51","guid":{"rendered":"https:\/\/www.devrimciproletarya.net\/?page_id=41"},"modified":"2024-03-15T07:26:29","modified_gmt":"2024-03-15T09:56:29","slug":"devrimci-proletarya","status":"publish","type":"page","link":"https:\/\/www.devrimciproletarya.net\/","title":{"rendered":"DEVRIMCI PROLETARYA"},"content":{"rendered":"\n<figure class=\"wp-block-image\"><img loading=\"lazy\" decoding=\"async\" width=\"1580\" height=\"217\" src=\"http:\/\/www.devrimciproletarya.net\/wp-content\/uploads\/2024\/03\/Screenshot-2024-03-15-174351.png\" alt=\"\" class=\"wp-image-43\" srcset=\"https:\/\/www.devrimciproletarya.net\/wp-content\/uploads\/2024\/03\/Screenshot-2024-03-15-174351.png 1580w, https:\/\/www.devrimciproletarya.net\/wp-content\/uploads\/2024\/03\/Screenshot-2024-03-15-174351-300x41.png 300w, https:\/\/www.devrimciproletarya.net\/wp-content\/uploads\/2024\/03\/Screenshot-2024-03-15-174351-1024x141.png 1024w, https:\/\/www.devrimciproletarya.net\/wp-content\/uploads\/2024\/03\/Screenshot-2024-03-15-174351-768x105.png 768w, https:\/\/www.devrimciproletarya.net\/wp-content\/uploads\/2024\/03\/Screenshot-2024-03-15-174351-1536x211.png 1536w\" sizes=\"auto, (max-width: 1580px) 100vw, 1580px\" \/><\/figure>\n\n\n\n<p>Brezilya, Endonezya, M\u0131s\u0131r, Tunus, Nijerya ve T\u00fcrkiye\u2019de kitle grevi dalgalar\u0131 2010-2015.<\/p>\n\n\n\n<p><em>Bu s\u00fcre\u00e7te, bir \u00f6nceki kriz devresindeki kitle grevi dalgalar\u0131n\u0131n deneyimlerini de\u011ferlendirmek \u00f6zel bir \u00f6nem ta\u015f\u0131yor. 2008-9 krizinden sonra, d\u00fcnya \u00e7ap\u0131nda yanl\u0131\u015f bi\u00e7imde \u201corta s\u0131n\u0131f hareketleri\u201d diye kodlanan sokak\/meydan hareketlerine g\u00f6sterilen ilgi, 2010-2015 d\u00f6neminde d\u00fcnyan\u0131n bir \u00e7ok \u00fclkesinde son 35 y\u0131l\u0131n doru\u011funa \u00e7\u0131kan kitle grevi dalgalar\u0131na g\u00f6sterilmedi.<\/em><\/p>\n\n\n\n<p><em>Bir \u00e7ok \u00fclkede ya\u015fanan kitle grevi dalgalar\u0131 d\u00fcped\u00fcz sans\u00fcrlendi. T\u00fcrkiye\u2019de bu d\u00f6nemki d\u00fcnya \u00e7ap\u0131nda y\u00fckselen kitle grevi dalgalar\u0131n\u0131n bilgisi, yaln\u0131zca \u00c7in, Hindistan, G\u00fcney Afrika\u2019daki grev hareketlerine ili\u015fkin bir iki \u00e7eviri kitapla s\u0131n\u0131rl\u0131 kald\u0131. Oysa bu d\u00f6nemde, Brezilya\u2019dan Endonezya\u2019ya, M\u0131s\u0131r\u2019dan Nijerya\u2019ya kadar olduk\u00e7a g\u00fc\u00e7l\u00fc s\u0131n\u0131f m\u00fccadeleleri deneyimleri ya\u015fand\u0131.<\/em><\/p>\n\n\n\n<p><em>Bug\u00fcnk\u00fc \u015eili co\u011frafyas\u0131n\u0131n son 400 y\u0131ll\u0131k tarihi, adeta namutanahi bir direni\u015fler, m\u00fccadeleler, d\u00fcnyan\u0131n bir \u00e7ok \u00fclkesinden daha s\u0131k g\u00f6r\u00fclen devrimci krizler ve isyanlar tarihidir. \u015eili, Marx\u2019\u0131n \u201ctarih s\u0131n\u0131f m\u00fccadeleleri tarihidir\u201d s\u00f6z\u00fcn\u00fcn canl\u0131 bir an\u0131t\u0131 gibidir.<\/em><\/p>\n\n\n\n<p><em>S\u00f6m\u00fcrgecilere, b\u00fcy\u00fck toprak sahiplerine, kayna\u015fm\u0131\u015f kent-k\u0131r kapitalist oligar\u015fisine, emperyalizme, fa\u015fizme, \u0131rk\u00e7\u0131l\u0131\u011fa, \u015fovenizme, ataerkilli\u011fe, \u00e7itlemelere, do\u011fa y\u0131k\u0131m\u0131na, toprak gasplar\u0131na, neoliberal kapitalizme, kar\u015f\u0131 biri bitmeden di\u011feri ba\u015flayan sava\u015f\u0131m ve isyanlar tarihi.<\/em><\/p>\n\n\n\n<hr class=\"wp-block-separator has-alpha-channel-opacity\"\/>\n","protected":false},"excerpt":{"rendered":"<p>Brezilya, Endonezya, M\u0131s\u0131r, Tunus, Nijerya ve T\u00fcrkiye\u2019de kitle grevi dalgalar\u0131 2010-2015. Bu s\u00fcre\u00e7te, bir \u00f6nceki kriz devresindeki kitle grevi dalgalar\u0131n\u0131n deneyimlerini de\u011ferlendirmek \u00f6zel bir \u00f6nem ta\u015f\u0131yor. 2008-9 krizinden sonra, d\u00fcnya \u00e7ap\u0131nda yanl\u0131\u015f bi\u00e7imde \u201corta s\u0131n\u0131f hareketleri\u201d diye kodlanan sokak\/meydan hareketlerine g\u00f6sterilen ilgi, 2010-2015 d\u00f6neminde d\u00fcnyan\u0131n bir \u00e7ok \u00fclkesinde son 35 y\u0131l\u0131n doru\u011funa \u00e7\u0131kan kitle grevi [&hellip;]<\/p>\n","protected":false},"author":1,"featured_media":0,"parent":0,"menu_order":0,"comment_status":"closed","ping_status":"closed","template":"","meta":{"footnotes":""},"class_list":["post-41","page","type-page","status-publish","hentry"],"_links":{"self":[{"href":"https:\/\/www.devrimciproletarya.net\/index.php?rest_route=\/wp\/v2\/pages\/41","targetHints":{"allow":["GET"]}}],"collection":[{"href":"https:\/\/www.devrimciproletarya.net\/index.php?rest_route=\/wp\/v2\/pages"}],"about":[{"href":"https:\/\/www.devrimciproletarya.net\/index.php?rest_route=\/wp\/v2\/types\/page"}],"author":[{"embeddable":true,"href":"https:\/\/www.devrimciproletarya.net\/index.php?rest_route=\/wp\/v2\/users\/1"}],"replies":[{"embeddable":true,"href":"https:\/\/www.devrimciproletarya.net\/index.php?rest_route=%2Fwp%2Fv2%2Fcomments&post=41"}],"version-history":[{"count":6,"href":"https:\/\/www.devrimciproletarya.net\/index.php?rest_route=\/wp\/v2\/pages\/41\/revisions"}],"predecessor-version":[{"id":46,"href":"https:\/\/www.devrimciproletarya.net\/index.php?rest_route=\/wp\/v2\/pages\/41\/revisions\/46"}],"wp:attachment":[{"href":"https:\/\/www.devrimciproletarya.net\/index.php?rest_route=%2Fwp%2Fv2%2Fmedia&parent=41"}],"curies":[{"name":"wp","href":"https:\/\/api.w.org\/{rel}","templated":true}]}}