{"id":9,"date":"2024-03-15T09:08:08","date_gmt":"2024-03-15T09:08:08","guid":{"rendered":"https:\/\/www.devrimciproletarya.net\/?page_id=9"},"modified":"2024-03-15T09:24:51","modified_gmt":"2024-03-15T09:24:51","slug":"kalyon-holdingin-finans-merkezi-santiyesinde-insaat-iscilerinin-yemekhane-isyani","status":"publish","type":"page","link":"https:\/\/www.devrimciproletarya.net\/?page_id=9","title":{"rendered":"Kalyon Holding\u2019in Finans Merkezi \u015fantiyesinde in\u015faat i\u015f\u00e7ilerinin yemekhane isyan\u0131\u2026"},"content":{"rendered":"\n<p>\u0130stanbul \u00dcmraniye\u2019de yap\u0131lmakta olan Uluslararas\u0131 Finans Merkezi Ziraat Kulelerinde \u00e7al\u0131\u015fan in\u015faat i\u015f\u00e7ileri, \u00f6\u011flen yemeklerinden hamam b\u00f6ce\u011fi \u00e7\u0131kmas\u0131 \u00fczerine isyan etti, yemekhaneyi da\u011f\u0131tt\u0131.<\/p>\n\n\n\n<p><strong>\u0130\u015f\u00e7ilerin yemekhane isyan\u0131n\u0131 bir i\u015f\u00e7i \u015f\u00f6yle anlatt\u0131:<\/strong><\/p>\n\n\n\n<p>\u201cBiz \u00f6\u011fle yeme\u011fimizi yedikten sonra d\u0131\u015far\u0131 \u00e7\u0131kt\u0131k dinleniyorduk. Ba\u011fr\u0131\u015fmalar duyduk. Olay yerine gitti\u011fimizde arkada\u015flar yeme\u011fin i\u00e7inde kocaman&nbsp; hamam b\u00f6ce\u011finin oldu\u011funu s\u00f6ylediler. Ondan sonra tepkimizi koyduk. Yemekhaneye gittik. Protesto ettik.<\/p>\n\n\n\n<p>Sandalyeleri, masalar\u0131 devirdik. Herkes ba\u011f\u0131rd\u0131. \u2018\u0130\u015fte bundan sonra adalet b\u00f6yle olacak\u2019 diye. \u2018Bu yemekhanede i\u015f\u00e7ilere ne yediriyorsunuz?\u2019 diye ba\u011f\u0131rd\u0131k. Yemekhaneciler ka\u00e7t\u0131. i\u015f\u00e7ilerde da\u011f\u0131ld\u0131. Ta\u015feronlar geldi \u2018konu\u015farak hallederiz\u2019 dediler.<\/p>\n\n\n\n<p>Bir s\u00fcre sonra da\u011f\u0131ld\u0131k. Buran\u0131n g\u00fcvenlik firmas\u0131 Kalyon Amerikan \u015firketi. Olaylar\u0131 \u00e7\u0131karan, olaylara kar\u0131\u015fanlar\u0131n hepsi i\u015ften at\u0131l\u0131p, mahkemeye verilece\u011fi s\u00f6ylentileri geziyor. Ben de olaylar\u0131n i\u00e7erisindeydim. Bir \u015feylerin olmas\u0131n\u0131 umuyorum; ama i\u015fimiz \u00e7ok zor biliyorum.\u201d<\/p>\n\n\n\n<p>\u0130n\u015faat\u0131 y\u00fcr\u00fcten \u015firket Kalyon Holding\u2019e ba\u011fl\u0131 Kalyon \u0130n\u015faat. D\u00fcnyan\u0131n en \u00e7ok \u201ckamu ihalesi\u201d alan \u015firketlerinden biri olarak biliniyor. \u00dcmraniye\u2019deki \u015fantiyesinde ge\u00e7en May\u0131s ay\u0131nda da \u00e7\u0131kan yang\u0131nda bir i\u015f\u00e7inin ya\u015fam\u0131n\u0131 yitirmesi de in\u015faat i\u015f\u00e7ilerinin tepkilerine neden olmu\u015ftu.<\/p>\n\n\n\n<p>Yemekhane isyan\u0131na kat\u0131lan i\u015f\u00e7iler, bu isyan\u0131n yaln\u0131z yemeklere de\u011fil bir b\u00fct\u00fcn olarak \u00e7al\u0131\u015fma ko\u015fullar\u0131na, g\u00f6rd\u00fckleri muameleye kar\u015f\u0131 oldu\u011funu anlat\u0131yorlar. Yemekhane isyan\u0131 anl\u0131k bir patlama gibi g\u00f6r\u00fcnse de, bug\u00fcn her \u015fantiyede, fabrikada, i\u015fyerinde ya\u015fanan, Pandemi ve ekonomik krizle daha da b\u00fcy\u00fcyen bir s\u0131n\u0131fsal \u00f6fkenin birikimini ta\u015f\u0131yor.<\/p>\n","protected":false},"excerpt":{"rendered":"<p>\u0130stanbul \u00dcmraniye\u2019de yap\u0131lmakta olan Uluslararas\u0131 Finans Merkezi Ziraat Kulelerinde \u00e7al\u0131\u015fan in\u015faat i\u015f\u00e7ileri, \u00f6\u011flen yemeklerinden hamam b\u00f6ce\u011fi \u00e7\u0131kmas\u0131 \u00fczerine isyan etti, yemekhaneyi da\u011f\u0131tt\u0131. \u0130\u015f\u00e7ilerin yemekhane isyan\u0131n\u0131 bir i\u015f\u00e7i \u015f\u00f6yle anlatt\u0131: \u201cBiz \u00f6\u011fle yeme\u011fimizi yedikten sonra d\u0131\u015far\u0131 \u00e7\u0131kt\u0131k dinleniyorduk. Ba\u011fr\u0131\u015fmalar duyduk. Olay yerine gitti\u011fimizde arkada\u015flar yeme\u011fin i\u00e7inde kocaman&nbsp; hamam b\u00f6ce\u011finin oldu\u011funu s\u00f6ylediler. Ondan sonra tepkimizi koyduk. Yemekhaneye [&hellip;]<\/p>\n","protected":false},"author":1,"featured_media":0,"parent":6,"menu_order":0,"comment_status":"closed","ping_status":"closed","template":"","meta":{"footnotes":""},"class_list":["post-9","page","type-page","status-publish","hentry"],"_links":{"self":[{"href":"https:\/\/www.devrimciproletarya.net\/index.php?rest_route=\/wp\/v2\/pages\/9","targetHints":{"allow":["GET"]}}],"collection":[{"href":"https:\/\/www.devrimciproletarya.net\/index.php?rest_route=\/wp\/v2\/pages"}],"about":[{"href":"https:\/\/www.devrimciproletarya.net\/index.php?rest_route=\/wp\/v2\/types\/page"}],"author":[{"embeddable":true,"href":"https:\/\/www.devrimciproletarya.net\/index.php?rest_route=\/wp\/v2\/users\/1"}],"replies":[{"embeddable":true,"href":"https:\/\/www.devrimciproletarya.net\/index.php?rest_route=%2Fwp%2Fv2%2Fcomments&post=9"}],"version-history":[{"count":1,"href":"https:\/\/www.devrimciproletarya.net\/index.php?rest_route=\/wp\/v2\/pages\/9\/revisions"}],"predecessor-version":[{"id":10,"href":"https:\/\/www.devrimciproletarya.net\/index.php?rest_route=\/wp\/v2\/pages\/9\/revisions\/10"}],"up":[{"embeddable":true,"href":"https:\/\/www.devrimciproletarya.net\/index.php?rest_route=\/wp\/v2\/pages\/6"}],"wp:attachment":[{"href":"https:\/\/www.devrimciproletarya.net\/index.php?rest_route=%2Fwp%2Fv2%2Fmedia&parent=9"}],"curies":[{"name":"wp","href":"https:\/\/api.w.org\/{rel}","templated":true}]}}